{"id":276,"date":"2021-07-28T16:09:26","date_gmt":"2021-07-28T14:09:26","guid":{"rendered":"http:\/\/buxin.com\/?page_id=276"},"modified":"2021-08-05T13:41:15","modified_gmt":"2021-08-05T11:41:15","slug":"cartes-postales-postcards","status":"publish","type":"page","link":"http:\/\/buxin.com\/index.php\/cartes-postales-postcards\/","title":{"rendered":"Cartes postales &#8211; Postcards"},"content":{"rendered":"\n<p class=\"has-text-align-center\">&#8220;Entre vendre dix photos \u00e0 10 000 \u20ac que presque personne ne verra ou vendre 100 000 photos \u00e0 1 \u20ac que 100 000 personnes regarderont avec plaisir, je pr\u00e9f\u00e8re la deuxi\u00e8me solution.&#8221;<\/p>\n\n\n\n<div class=\"wp-block-columns\">\n<div class=\"wp-block-column\" style=\"flex-basis:33.33%\">\n<div class=\"wp-block-image\"><figure class=\"aligncenter size-large is-resized\"><a href=\"http:\/\/buxin.com\/index.php\/cartes-carrees\/\"><img loading=\"lazy\" src=\"http:\/\/buxin.com\/wp-content\/uploads\/2021\/08\/10000254V2-1.jpg\" alt=\"\" class=\"wp-image-672\" width=\"182\" height=\"209\"\/><\/a><figcaption>Cartes Polabux. <br>Format (11 X 9 cm)<\/figcaption><\/figure><\/div>\n\n\n\n<p><\/p>\n<\/div>\n\n\n\n<div class=\"wp-block-column\" style=\"flex-basis:66.66%\">\n<div class=\"wp-block-image\"><figure class=\"aligncenter size-large is-resized\"><a href=\"http:\/\/buxin.com\/index.php\/panoramique\/\"><img loading=\"lazy\" src=\"http:\/\/buxin.com\/wp-content\/uploads\/2021\/08\/12013685.jpg\" alt=\"\" class=\"wp-image-675\" width=\"507\" height=\"211\"\/><\/a><figcaption>Cartes panoramique (10 X 23 cm)<\/figcaption><\/figure><\/div>\n\n\n\n<p><\/p>\n<\/div>\n<\/div>\n","protected":false},"excerpt":{"rendered":"<p>&#8220;Entre vendre dix photos \u00e0 10 000 \u20ac que presque personne ne verra ou vendre 100 000 photos \u00e0 1 \u20ac que 100 000 personnes regarderont avec plaisir, je pr\u00e9f\u00e8re la deuxi\u00e8me solution.&#8221;<\/p>\n<p> <a class=\"continue-reading-link\" href=\"http:\/\/buxin.com\/index.php\/cartes-postales-postcards\/\"><span>Continue reading<\/span><i class=\"crycon-right-dir\"><\/i><\/a> <\/p>\n","protected":false},"author":1,"featured_media":0,"parent":0,"menu_order":0,"comment_status":"closed","ping_status":"closed","template":"","meta":{"spay_email":""},"yoast_head":"<!-- This site is optimized with the Yoast SEO plugin v16.8 - https:\/\/yoast.com\/wordpress\/plugins\/seo\/ -->\n<title>Cartes postales - Postcards - Fr\u00e9d\u00e9ric Buxin<\/title>\n<meta name=\"robots\" content=\"index, follow, max-snippet:-1, max-image-preview:large, max-video-preview:-1\" \/>\n<link rel=\"canonical\" href=\"http:\/\/buxin.com\/index.php\/cartes-postales-postcards\/\" \/>\n<meta property=\"og:locale\" content=\"en_US\" \/>\n<meta property=\"og:type\" content=\"article\" \/>\n<meta property=\"og:title\" content=\"Cartes postales - Postcards - Fr\u00e9d\u00e9ric Buxin\" \/>\n<meta property=\"og:description\" content=\"&#8220;Entre vendre dix photos \u00e0 10 000 \u20ac que presque personne ne verra ou vendre 100 000 photos \u00e0 1 \u20ac que 100 000 personnes regarderont avec plaisir, je pr\u00e9f\u00e8re la deuxi\u00e8me solution.&#8221; Continue reading\" \/>\n<meta property=\"og:url\" content=\"http:\/\/buxin.com\/index.php\/cartes-postales-postcards\/\" \/>\n<meta property=\"og:site_name\" content=\"Fr\u00e9d\u00e9ric Buxin\" \/>\n<meta property=\"article:modified_time\" content=\"2021-08-05T11:41:15+00:00\" \/>\n<meta property=\"og:image\" content=\"http:\/\/buxin.com\/wp-content\/uploads\/2021\/08\/10000254V2-1.jpg\" \/>\n<meta name=\"twitter:card\" content=\"summary_large_image\" \/>\n<meta name=\"twitter:label1\" content=\"Est. reading time\" \/>\n\t<meta name=\"twitter:data1\" content=\"1 minute\" \/>\n<script type=\"application\/ld+json\" class=\"yoast-schema-graph\">{\"@context\":\"https:\/\/schema.org\",\"@graph\":[{\"@type\":\"WebSite\",\"@id\":\"http:\/\/buxin.com\/#website\",\"url\":\"http:\/\/buxin.com\/\",\"name\":\"Fr\\u00e9d\\u00e9ric Buxin\",\"description\":\"\",\"potentialAction\":[{\"@type\":\"SearchAction\",\"target\":{\"@type\":\"EntryPoint\",\"urlTemplate\":\"http:\/\/buxin.com\/?s={search_term_string}\"},\"query-input\":\"required name=search_term_string\"}],\"inLanguage\":\"en-US\"},{\"@type\":\"ImageObject\",\"@id\":\"http:\/\/buxin.com\/index.php\/cartes-postales-postcards\/#primaryimage\",\"inLanguage\":\"en-US\",\"url\":\"http:\/\/buxin.com\/wp-content\/uploads\/2021\/08\/10000254V2-1.jpg\",\"contentUrl\":\"http:\/\/buxin.com\/wp-content\/uploads\/2021\/08\/10000254V2-1.jpg\",\"width\":709,\"height\":866,\"caption\":\"Saint-Malo Brise-lames et le Fort National.\"},{\"@type\":\"WebPage\",\"@id\":\"http:\/\/buxin.com\/index.php\/cartes-postales-postcards\/#webpage\",\"url\":\"http:\/\/buxin.com\/index.php\/cartes-postales-postcards\/\",\"name\":\"Cartes postales - Postcards - Fr\\u00e9d\\u00e9ric Buxin\",\"isPartOf\":{\"@id\":\"http:\/\/buxin.com\/#website\"},\"primaryImageOfPage\":{\"@id\":\"http:\/\/buxin.com\/index.php\/cartes-postales-postcards\/#primaryimage\"},\"datePublished\":\"2021-07-28T14:09:26+00:00\",\"dateModified\":\"2021-08-05T11:41:15+00:00\",\"breadcrumb\":{\"@id\":\"http:\/\/buxin.com\/index.php\/cartes-postales-postcards\/#breadcrumb\"},\"inLanguage\":\"en-US\",\"potentialAction\":[{\"@type\":\"ReadAction\",\"target\":[\"http:\/\/buxin.com\/index.php\/cartes-postales-postcards\/\"]}]},{\"@type\":\"BreadcrumbList\",\"@id\":\"http:\/\/buxin.com\/index.php\/cartes-postales-postcards\/#breadcrumb\",\"itemListElement\":[{\"@type\":\"ListItem\",\"position\":1,\"name\":\"Accueil\",\"item\":\"http:\/\/buxin.com\/\"},{\"@type\":\"ListItem\",\"position\":2,\"name\":\"Cartes postales &#8211; Postcards\"}]}]}<\/script>\n<!-- \/ Yoast SEO plugin. -->","yoast_head_json":{"title":"Cartes postales - Postcards - Fr\u00e9d\u00e9ric Buxin","robots":{"index":"index","follow":"follow","max-snippet":"max-snippet:-1","max-image-preview":"max-image-preview:large","max-video-preview":"max-video-preview:-1"},"canonical":"http:\/\/buxin.com\/index.php\/cartes-postales-postcards\/","og_locale":"en_US","og_type":"article","og_title":"Cartes postales - Postcards - Fr\u00e9d\u00e9ric Buxin","og_description":"&#8220;Entre vendre dix photos \u00e0 10 000 \u20ac que presque personne ne verra ou vendre 100 000 photos \u00e0 1 \u20ac que 100 000 personnes regarderont avec plaisir, je pr\u00e9f\u00e8re la deuxi\u00e8me solution.&#8221; Continue reading","og_url":"http:\/\/buxin.com\/index.php\/cartes-postales-postcards\/","og_site_name":"Fr\u00e9d\u00e9ric Buxin","article_modified_time":"2021-08-05T11:41:15+00:00","og_image":[{"url":"http:\/\/buxin.com\/wp-content\/uploads\/2021\/08\/10000254V2-1.jpg"}],"twitter_card":"summary_large_image","twitter_misc":{"Est. reading time":"1 minute"},"schema":{"@context":"https:\/\/schema.org","@graph":[{"@type":"WebSite","@id":"http:\/\/buxin.com\/#website","url":"http:\/\/buxin.com\/","name":"Fr\u00e9d\u00e9ric Buxin","description":"","potentialAction":[{"@type":"SearchAction","target":{"@type":"EntryPoint","urlTemplate":"http:\/\/buxin.com\/?s={search_term_string}"},"query-input":"required name=search_term_string"}],"inLanguage":"en-US"},{"@type":"ImageObject","@id":"http:\/\/buxin.com\/index.php\/cartes-postales-postcards\/#primaryimage","inLanguage":"en-US","url":"http:\/\/buxin.com\/wp-content\/uploads\/2021\/08\/10000254V2-1.jpg","contentUrl":"http:\/\/buxin.com\/wp-content\/uploads\/2021\/08\/10000254V2-1.jpg","width":709,"height":866,"caption":"Saint-Malo Brise-lames et le Fort National."},{"@type":"WebPage","@id":"http:\/\/buxin.com\/index.php\/cartes-postales-postcards\/#webpage","url":"http:\/\/buxin.com\/index.php\/cartes-postales-postcards\/","name":"Cartes postales - Postcards - Fr\u00e9d\u00e9ric Buxin","isPartOf":{"@id":"http:\/\/buxin.com\/#website"},"primaryImageOfPage":{"@id":"http:\/\/buxin.com\/index.php\/cartes-postales-postcards\/#primaryimage"},"datePublished":"2021-07-28T14:09:26+00:00","dateModified":"2021-08-05T11:41:15+00:00","breadcrumb":{"@id":"http:\/\/buxin.com\/index.php\/cartes-postales-postcards\/#breadcrumb"},"inLanguage":"en-US","potentialAction":[{"@type":"ReadAction","target":["http:\/\/buxin.com\/index.php\/cartes-postales-postcards\/"]}]},{"@type":"BreadcrumbList","@id":"http:\/\/buxin.com\/index.php\/cartes-postales-postcards\/#breadcrumb","itemListElement":[{"@type":"ListItem","position":1,"name":"Accueil","item":"http:\/\/buxin.com\/"},{"@type":"ListItem","position":2,"name":"Cartes postales &#8211; Postcards"}]}]}},"_links":{"self":[{"href":"http:\/\/buxin.com\/index.php\/wp-json\/wp\/v2\/pages\/276"}],"collection":[{"href":"http:\/\/buxin.com\/index.php\/wp-json\/wp\/v2\/pages"}],"about":[{"href":"http:\/\/buxin.com\/index.php\/wp-json\/wp\/v2\/types\/page"}],"author":[{"embeddable":true,"href":"http:\/\/buxin.com\/index.php\/wp-json\/wp\/v2\/users\/1"}],"replies":[{"embeddable":true,"href":"http:\/\/buxin.com\/index.php\/wp-json\/wp\/v2\/comments?post=276"}],"version-history":[{"count":20,"href":"http:\/\/buxin.com\/index.php\/wp-json\/wp\/v2\/pages\/276\/revisions"}],"predecessor-version":[{"id":916,"href":"http:\/\/buxin.com\/index.php\/wp-json\/wp\/v2\/pages\/276\/revisions\/916"}],"wp:attachment":[{"href":"http:\/\/buxin.com\/index.php\/wp-json\/wp\/v2\/media?parent=276"}],"curies":[{"name":"wp","href":"https:\/\/api.w.org\/{rel}","templated":true}]}}