{"id":31,"date":"2021-07-03T11:12:45","date_gmt":"2021-07-03T09:12:45","guid":{"rendered":"http:\/\/buxin.com\/?page_id=31"},"modified":"2021-08-09T17:16:20","modified_gmt":"2021-08-09T15:16:20","slug":"portfolio","status":"publish","type":"page","link":"http:\/\/buxin.com\/index.php\/portfolio\/","title":{"rendered":"Portfolio"},"content":{"rendered":"\n<div class=\"wp-block-columns\">\n<div class=\"wp-block-column\" style=\"flex-basis:100%\">\n<div class=\"wp-block-group\"><div class=\"wp-block-group__inner-container\">\n<div class=\"wp-block-columns\">\n<div class=\"wp-block-column is-vertically-aligned-top\" style=\"flex-basis:100%\">\n<div class=\"wp-block-group alignwide\"><div class=\"wp-block-group__inner-container\">\n<div class=\"wp-block-columns\">\n<div class=\"wp-block-column\">\n<figure class=\"wp-block-image size-large\"><a href=\"http:\/\/buxin.com\/index.php\/portfolio\/spatial\"><img loading=\"lazy\" width=\"1000\" height=\"668\" src=\"http:\/\/buxin.com\/wp-content\/uploads\/2021\/07\/8171-0-.jpg\" alt=\"\" class=\"wp-image-207\" srcset=\"http:\/\/buxin.com\/wp-content\/uploads\/2021\/07\/8171-0-.jpg 1000w, http:\/\/buxin.com\/wp-content\/uploads\/2021\/07\/8171-0--300x200.jpg 300w, http:\/\/buxin.com\/wp-content\/uploads\/2021\/07\/8171-0--768x513.jpg 768w, http:\/\/buxin.com\/wp-content\/uploads\/2021\/07\/8171-0--150x100.jpg 150w\" sizes=\"(max-width: 1000px) 100vw, 1000px\" \/><\/a><figcaption>Quelques photos du livre que Fr\u00e9d\u00e9ric Buxin \u00e0 consacr\u00e9 \u00e0 la fus\u00e9e Ariane. <\/figcaption><\/figure>\n<\/div>\n\n\n\n<div class=\"wp-block-column\">\n<figure class=\"wp-block-image size-large\"><a href=\"http:\/\/buxin.com\/index.php\/portfolio\/nus\/\"><img loading=\"lazy\" width=\"1000\" height=\"667\" src=\"http:\/\/buxin.com\/wp-content\/uploads\/2021\/07\/135-9374-35traite\u0301.jpg\" alt=\"\" class=\"wp-image-337\" srcset=\"http:\/\/buxin.com\/wp-content\/uploads\/2021\/07\/135-9374-35traite\u0301.jpg 1000w, http:\/\/buxin.com\/wp-content\/uploads\/2021\/07\/135-9374-35traite\u0301-300x200.jpg 300w, http:\/\/buxin.com\/wp-content\/uploads\/2021\/07\/135-9374-35traite\u0301-768x512.jpg 768w, http:\/\/buxin.com\/wp-content\/uploads\/2021\/07\/135-9374-35traite\u0301-150x100.jpg 150w\" sizes=\"(max-width: 1000px) 100vw, 1000px\" \/><\/a><figcaption>Les corps, un sujet auquel Fr\u00e9d\u00e9ric Buxin se consacre depuis plus de 20 ans<\/figcaption><\/figure>\n<\/div>\n\n\n\n<div class=\"wp-block-column\">\n<figure class=\"wp-block-image size-large\"><a href=\"http:\/\/buxin.com\/index.php\/nature\/\"><img loading=\"lazy\" width=\"1000\" height=\"666\" src=\"http:\/\/buxin.com\/wp-content\/uploads\/2021\/07\/21009643.jpg\" alt=\"\" class=\"wp-image-335\" srcset=\"http:\/\/buxin.com\/wp-content\/uploads\/2021\/07\/21009643.jpg 1000w, http:\/\/buxin.com\/wp-content\/uploads\/2021\/07\/21009643-300x200.jpg 300w, http:\/\/buxin.com\/wp-content\/uploads\/2021\/07\/21009643-768x511.jpg 768w, http:\/\/buxin.com\/wp-content\/uploads\/2021\/07\/21009643-150x100.jpg 150w\" sizes=\"(max-width: 1000px) 100vw, 1000px\" \/><\/a><figcaption>La nature une source d&#8217;\u00e9ternelle \u00e9motion.<\/figcaption><\/figure>\n<\/div>\n<\/div>\n<\/div><\/div>\n<\/div>\n<\/div>\n<\/div><\/div>\n\n\n\n<div class=\"wp-block-columns\">\n<div class=\"wp-block-column\">\n<figure class=\"wp-block-image size-large\"><a href=\"http:\/\/buxin.com\/index.php\/mer\/\"><img loading=\"lazy\" width=\"1000\" height=\"667\" src=\"http:\/\/buxin.com\/wp-content\/uploads\/2021\/07\/07019075.jpg\" alt=\"\" class=\"wp-image-253\" srcset=\"http:\/\/buxin.com\/wp-content\/uploads\/2021\/07\/07019075.jpg 1000w, http:\/\/buxin.com\/wp-content\/uploads\/2021\/07\/07019075-300x200.jpg 300w, http:\/\/buxin.com\/wp-content\/uploads\/2021\/07\/07019075-768x512.jpg 768w, http:\/\/buxin.com\/wp-content\/uploads\/2021\/07\/07019075-150x100.jpg 150w\" sizes=\"(max-width: 1000px) 100vw, 1000px\" \/><\/a><figcaption>La mer par tout temps.<\/figcaption><\/figure>\n<\/div>\n\n\n\n<div class=\"wp-block-column\">\n<figure class=\"wp-block-image size-large\"><a href=\"http:\/\/buxin.com\/index.php\/technologie\/\"><img loading=\"lazy\" width=\"1024\" height=\"682\" src=\"http:\/\/buxin.com\/wp-content\/uploads\/2021\/08\/09005342-1024x682.jpg\" alt=\"\" class=\"wp-image-866\" srcset=\"http:\/\/buxin.com\/wp-content\/uploads\/2021\/08\/09005342-1024x682.jpg 1024w, http:\/\/buxin.com\/wp-content\/uploads\/2021\/08\/09005342-300x200.jpg 300w, http:\/\/buxin.com\/wp-content\/uploads\/2021\/08\/09005342-768x512.jpg 768w, http:\/\/buxin.com\/wp-content\/uploads\/2021\/08\/09005342-150x100.jpg 150w, http:\/\/buxin.com\/wp-content\/uploads\/2021\/08\/09005342-1200x800.jpg 1200w, http:\/\/buxin.com\/wp-content\/uploads\/2021\/08\/09005342.jpg 1280w\" sizes=\"(max-width: 1024px) 100vw, 1024px\" \/><\/a><figcaption>Lieux de sciences et de production.<\/figcaption><\/figure>\n<\/div>\n\n\n\n<div class=\"wp-block-column\">\n<figure class=\"wp-block-image size-large\"><a href=\"http:\/\/buxin.com\/index.php\/villes-cities\/\"><img loading=\"lazy\" width=\"1000\" height=\"661\" src=\"http:\/\/buxin.com\/wp-content\/uploads\/2021\/07\/3340-OK.jpg\" alt=\"\" class=\"wp-image-316\" srcset=\"http:\/\/buxin.com\/wp-content\/uploads\/2021\/07\/3340-OK.jpg 1000w, http:\/\/buxin.com\/wp-content\/uploads\/2021\/07\/3340-OK-300x198.jpg 300w, http:\/\/buxin.com\/wp-content\/uploads\/2021\/07\/3340-OK-768x508.jpg 768w, http:\/\/buxin.com\/wp-content\/uploads\/2021\/07\/3340-OK-150x99.jpg 150w\" sizes=\"(max-width: 1000px) 100vw, 1000px\" \/><\/a><figcaption>Villes du monde.<\/figcaption><\/figure>\n<\/div>\n<\/div>\n<\/div>\n<\/div>\n\n\n\n<p><\/p>\n","protected":false},"excerpt":{"rendered":"<p> <a class=\"continue-reading-link\" href=\"http:\/\/buxin.com\/index.php\/portfolio\/\"><span>Continue reading<\/span><i class=\"crycon-right-dir\"><\/i><\/a> <\/p>\n","protected":false},"author":1,"featured_media":0,"parent":0,"menu_order":0,"comment_status":"closed","ping_status":"closed","template":"","meta":{"spay_email":""},"yoast_head":"<!-- This site is optimized with the Yoast SEO plugin v16.8 - https:\/\/yoast.com\/wordpress\/plugins\/seo\/ -->\n<title>Portfolio - Fr\u00e9d\u00e9ric Buxin<\/title>\n<meta name=\"robots\" content=\"index, follow, max-snippet:-1, max-image-preview:large, max-video-preview:-1\" \/>\n<link rel=\"canonical\" href=\"http:\/\/buxin.com\/index.php\/portfolio\/\" \/>\n<meta property=\"og:locale\" content=\"en_US\" \/>\n<meta property=\"og:type\" content=\"article\" \/>\n<meta property=\"og:title\" content=\"Portfolio - Fr\u00e9d\u00e9ric Buxin\" \/>\n<meta property=\"og:description\" content=\"Continue reading\" \/>\n<meta property=\"og:url\" content=\"http:\/\/buxin.com\/index.php\/portfolio\/\" \/>\n<meta property=\"og:site_name\" content=\"Fr\u00e9d\u00e9ric Buxin\" \/>\n<meta property=\"article:modified_time\" content=\"2021-08-09T15:16:20+00:00\" \/>\n<meta property=\"og:image\" content=\"http:\/\/buxin.com\/wp-content\/uploads\/2021\/07\/8171-0-.jpg\" \/>\n<meta name=\"twitter:card\" content=\"summary_large_image\" \/>\n<meta name=\"twitter:label1\" content=\"Est. reading time\" \/>\n\t<meta name=\"twitter:data1\" content=\"2 minutes\" \/>\n<script type=\"application\/ld+json\" class=\"yoast-schema-graph\">{\"@context\":\"https:\/\/schema.org\",\"@graph\":[{\"@type\":\"WebSite\",\"@id\":\"http:\/\/buxin.com\/#website\",\"url\":\"http:\/\/buxin.com\/\",\"name\":\"Fr\\u00e9d\\u00e9ric Buxin\",\"description\":\"\",\"potentialAction\":[{\"@type\":\"SearchAction\",\"target\":{\"@type\":\"EntryPoint\",\"urlTemplate\":\"http:\/\/buxin.com\/?s={search_term_string}\"},\"query-input\":\"required name=search_term_string\"}],\"inLanguage\":\"en-US\"},{\"@type\":\"ImageObject\",\"@id\":\"http:\/\/buxin.com\/index.php\/portfolio\/#primaryimage\",\"inLanguage\":\"en-US\",\"url\":\"http:\/\/buxin.com\/wp-content\/uploads\/2021\/07\/8171-0-.jpg\",\"contentUrl\":\"http:\/\/buxin.com\/wp-content\/uploads\/2021\/07\/8171-0-.jpg\",\"width\":1000,\"height\":668},{\"@type\":\"WebPage\",\"@id\":\"http:\/\/buxin.com\/index.php\/portfolio\/#webpage\",\"url\":\"http:\/\/buxin.com\/index.php\/portfolio\/\",\"name\":\"Portfolio - Fr\\u00e9d\\u00e9ric Buxin\",\"isPartOf\":{\"@id\":\"http:\/\/buxin.com\/#website\"},\"primaryImageOfPage\":{\"@id\":\"http:\/\/buxin.com\/index.php\/portfolio\/#primaryimage\"},\"datePublished\":\"2021-07-03T09:12:45+00:00\",\"dateModified\":\"2021-08-09T15:16:20+00:00\",\"breadcrumb\":{\"@id\":\"http:\/\/buxin.com\/index.php\/portfolio\/#breadcrumb\"},\"inLanguage\":\"en-US\",\"potentialAction\":[{\"@type\":\"ReadAction\",\"target\":[\"http:\/\/buxin.com\/index.php\/portfolio\/\"]}]},{\"@type\":\"BreadcrumbList\",\"@id\":\"http:\/\/buxin.com\/index.php\/portfolio\/#breadcrumb\",\"itemListElement\":[{\"@type\":\"ListItem\",\"position\":1,\"name\":\"Accueil\",\"item\":\"http:\/\/buxin.com\/\"},{\"@type\":\"ListItem\",\"position\":2,\"name\":\"Portfolio\"}]}]}<\/script>\n<!-- \/ Yoast SEO plugin. -->","yoast_head_json":{"title":"Portfolio - Fr\u00e9d\u00e9ric Buxin","robots":{"index":"index","follow":"follow","max-snippet":"max-snippet:-1","max-image-preview":"max-image-preview:large","max-video-preview":"max-video-preview:-1"},"canonical":"http:\/\/buxin.com\/index.php\/portfolio\/","og_locale":"en_US","og_type":"article","og_title":"Portfolio - Fr\u00e9d\u00e9ric Buxin","og_description":"Continue reading","og_url":"http:\/\/buxin.com\/index.php\/portfolio\/","og_site_name":"Fr\u00e9d\u00e9ric Buxin","article_modified_time":"2021-08-09T15:16:20+00:00","og_image":[{"url":"http:\/\/buxin.com\/wp-content\/uploads\/2021\/07\/8171-0-.jpg"}],"twitter_card":"summary_large_image","twitter_misc":{"Est. reading time":"2 minutes"},"schema":{"@context":"https:\/\/schema.org","@graph":[{"@type":"WebSite","@id":"http:\/\/buxin.com\/#website","url":"http:\/\/buxin.com\/","name":"Fr\u00e9d\u00e9ric Buxin","description":"","potentialAction":[{"@type":"SearchAction","target":{"@type":"EntryPoint","urlTemplate":"http:\/\/buxin.com\/?s={search_term_string}"},"query-input":"required name=search_term_string"}],"inLanguage":"en-US"},{"@type":"ImageObject","@id":"http:\/\/buxin.com\/index.php\/portfolio\/#primaryimage","inLanguage":"en-US","url":"http:\/\/buxin.com\/wp-content\/uploads\/2021\/07\/8171-0-.jpg","contentUrl":"http:\/\/buxin.com\/wp-content\/uploads\/2021\/07\/8171-0-.jpg","width":1000,"height":668},{"@type":"WebPage","@id":"http:\/\/buxin.com\/index.php\/portfolio\/#webpage","url":"http:\/\/buxin.com\/index.php\/portfolio\/","name":"Portfolio - Fr\u00e9d\u00e9ric Buxin","isPartOf":{"@id":"http:\/\/buxin.com\/#website"},"primaryImageOfPage":{"@id":"http:\/\/buxin.com\/index.php\/portfolio\/#primaryimage"},"datePublished":"2021-07-03T09:12:45+00:00","dateModified":"2021-08-09T15:16:20+00:00","breadcrumb":{"@id":"http:\/\/buxin.com\/index.php\/portfolio\/#breadcrumb"},"inLanguage":"en-US","potentialAction":[{"@type":"ReadAction","target":["http:\/\/buxin.com\/index.php\/portfolio\/"]}]},{"@type":"BreadcrumbList","@id":"http:\/\/buxin.com\/index.php\/portfolio\/#breadcrumb","itemListElement":[{"@type":"ListItem","position":1,"name":"Accueil","item":"http:\/\/buxin.com\/"},{"@type":"ListItem","position":2,"name":"Portfolio"}]}]}},"_links":{"self":[{"href":"http:\/\/buxin.com\/index.php\/wp-json\/wp\/v2\/pages\/31"}],"collection":[{"href":"http:\/\/buxin.com\/index.php\/wp-json\/wp\/v2\/pages"}],"about":[{"href":"http:\/\/buxin.com\/index.php\/wp-json\/wp\/v2\/types\/page"}],"author":[{"embeddable":true,"href":"http:\/\/buxin.com\/index.php\/wp-json\/wp\/v2\/users\/1"}],"replies":[{"embeddable":true,"href":"http:\/\/buxin.com\/index.php\/wp-json\/wp\/v2\/comments?post=31"}],"version-history":[{"count":19,"href":"http:\/\/buxin.com\/index.php\/wp-json\/wp\/v2\/pages\/31\/revisions"}],"predecessor-version":[{"id":913,"href":"http:\/\/buxin.com\/index.php\/wp-json\/wp\/v2\/pages\/31\/revisions\/913"}],"wp:attachment":[{"href":"http:\/\/buxin.com\/index.php\/wp-json\/wp\/v2\/media?parent=31"}],"curies":[{"name":"wp","href":"https:\/\/api.w.org\/{rel}","templated":true}]}}