{"id":7,"date":"2021-07-02T18:28:34","date_gmt":"2021-07-02T16:28:34","guid":{"rendered":"http:\/\/buxin.com\/?page_id=7"},"modified":"2021-07-30T17:42:46","modified_gmt":"2021-07-30T15:42:46","slug":"a-propos-de","status":"publish","type":"page","link":"http:\/\/buxin.com\/index.php\/a-propos-de\/","title":{"rendered":"Fr\u00e9d\u00e9ric Buxin"},"content":{"rendered":"\n<div class=\"wp-block-media-text alignwide has-media-on-the-right is-stacked-on-mobile is-vertically-aligned-top\" style=\"grid-template-columns:auto 45%\"><figure class=\"wp-block-media-text__media\"><img loading=\"lazy\" width=\"1000\" height=\"750\" src=\"http:\/\/buxin.com\/wp-content\/uploads\/2021\/07\/Fre\u0301de\u0301ric-BUXIN_0085.jpg\" alt=\"\" class=\"wp-image-341 size-full\" srcset=\"http:\/\/buxin.com\/wp-content\/uploads\/2021\/07\/Fre\u0301de\u0301ric-BUXIN_0085.jpg 1000w, http:\/\/buxin.com\/wp-content\/uploads\/2021\/07\/Fre\u0301de\u0301ric-BUXIN_0085-300x225.jpg 300w, http:\/\/buxin.com\/wp-content\/uploads\/2021\/07\/Fre\u0301de\u0301ric-BUXIN_0085-768x576.jpg 768w, http:\/\/buxin.com\/wp-content\/uploads\/2021\/07\/Fre\u0301de\u0301ric-BUXIN_0085-150x113.jpg 150w\" sizes=\"(max-width: 1000px) 100vw, 1000px\" \/><\/figure><div class=\"wp-block-media-text__content\">\n<p>Photographe professionnel depuis longtemps.<\/p>\n\n\n\n<p>Professional photographer for a long time.<\/p>\n\n\n\n<p>Fot\u00f3grafo profesional desde hace mucho tiempo.<\/p>\n\n\n\n<p>Professioneller Fotograf seit langem.<\/p>\n\n\n\n<p>Fot\u00f3grafo profissional h\u00e1 muito tempo.<\/p>\n\n\n\n<p>\u957f\u671f\u4ece\u4e8b\u4e13\u4e1a\u6444\u5f71\u5e08\u3002<\/p>\n\n\n\n<p class=\"has-text-align-right\">\u0645\u0635\u0648\u0631 \u0645\u062d\u062a\u0631\u0641 \u0644\u0641\u062a\u0631\u0629 \u0637\u0648\u064a\u0644\u0629.<\/p>\n\n\n\n<p>\u9577\u3044\u9593\u30d7\u30ed\u306e\u5199\u771f\u5bb6\u3002<\/p>\n\n\n\n<p>\u041f\u0440\u043e\u0444\u0435\u0441\u0441\u0438\u043e\u043d\u0430\u043b\u044c\u043d\u044b\u0439 \u0444\u043e\u0442\u043e\u0433\u0440\u0430\u0444 \u0434\u0430\u0432\u043d\u043e.<\/p>\n\n\n\n<p>\u0932\u0902\u092c\u0947 \u0938\u092e\u092f \u0938\u0947 \u092a\u0947\u0936\u0947\u0935\u0930 \u092b\u094b\u091f\u094b\u0917\u094d\u0930\u093e\u092b\u0930\u0964<\/p>\n\n\n\n<p>\u0395\u03c0\u03b1\u03b3\u03b3\u03b5\u03bb\u03bc\u03b1\u03c4\u03af\u03b1\u03c2 \u03c6\u03c9\u03c4\u03bf\u03b3\u03c1\u03ac\u03c6\u03bf\u03c2 \u03b3\u03b9\u03b1 \u03bc\u03b5\u03b3\u03ac\u03bb\u03bf \u03c7\u03c1\u03bf\u03bd\u03b9\u03ba\u03cc \u03b4\u03b9\u03ac\u03c3\u03c4\u03b7\u03bc\u03b1.<\/p>\n\n\n\n<p>\uc624\ub7ab\ub3d9\uc548 \uc804\ubb38 \uc0ac\uc9c4\uac00.<\/p>\n\n\n\n<p>Fotograf pwofesyon\u00e8l pou yon tan long.<\/p>\n\n\n\n<p>\u05e6\u05dc\u05dd \u05de\u05e7\u05e6\u05d5\u05e2\u05d9 \u05d1\u05de\u05e9\u05da \u05ea\u05e7\u05d5\u05e4\u05d4 \u05d0\u05e8\u05d5\u05db\u05d4.<\/p>\n\n\n\n<p>Profi fot\u00f3s sok\u00e1ig.<\/p>\n\n\n\n<p>\u041c\u044d\u0440\u0433\u044d\u0436\u043b\u0438\u0439\u043d \u0433\u044d\u0440\u044d\u043b \u0437\u0443\u0440\u0430\u0433\u0447\u0438\u043d \u0443\u0434\u0430\u0430\u043d \u0445\u0443\u0433\u0430\u0446\u0430\u0430\u043d\u0434 \u0430\u0436\u0438\u043b\u043b\u0430\u0441\u0430\u043d.<\/p>\n\n\n\n<p class=\"has-text-align-right\">\u0639\u06a9\u0627\u0633 \u062d\u0631\u0641\u0647 \u0627\u06cc \u0628\u0631\u0627\u06cc \u0645\u062f\u062a \u0637\u0648\u0644\u0627\u0646\u06cc.<\/p>\n\n\n\n<p>Profesjonalny fotograf od dawna.<\/p>\n\n\n\n<p>Uzun s\u00fcredir profesyonel foto\u011fraf\u00e7\u0131.<\/p>\n\n\n\n<p>Fotograf profesionist de mult timp.<\/p>\n\n\n\n<p class=\"has-text-align-right\">Portrait de Christian Chamourat<\/p>\n<\/div><\/div>\n\n\n\n<p><\/p>\n","protected":false},"excerpt":{"rendered":"<p>Photographe professionnel depuis longtemps. Professional photographer for a long time. Fot\u00f3grafo profesional desde hace mucho tiempo. Professioneller Fotograf seit langem. Fot\u00f3grafo profissional h\u00e1 muito tempo. \u957f\u671f\u4ece\u4e8b\u4e13\u4e1a\u6444\u5f71\u5e08\u3002 \u0645\u0635\u0648\u0631 \u0645\u062d\u062a\u0631\u0641 \u0644\u0641\u062a\u0631\u0629 \u0637\u0648\u064a\u0644\u0629. \u9577\u3044\u9593\u30d7\u30ed\u306e\u5199\u771f\u5bb6\u3002 \u041f\u0440\u043e\u0444\u0435\u0441\u0441\u0438\u043e\u043d\u0430\u043b\u044c\u043d\u044b\u0439 \u0444\u043e\u0442\u043e\u0433\u0440\u0430\u0444 \u0434\u0430\u0432\u043d\u043e. \u0932\u0902\u092c\u0947 \u0938\u092e\u092f \u0938\u0947 \u092a\u0947\u0936\u0947\u0935\u0930 \u092b\u094b\u091f\u094b\u0917\u094d\u0930\u093e\u092b\u0930\u0964 \u0395\u03c0\u03b1\u03b3\u03b3\u03b5\u03bb\u03bc\u03b1\u03c4\u03af\u03b1\u03c2 \u03c6\u03c9\u03c4\u03bf\u03b3\u03c1\u03ac\u03c6\u03bf\u03c2 \u03b3\u03b9\u03b1 \u03bc\u03b5\u03b3\u03ac\u03bb\u03bf \u03c7\u03c1\u03bf\u03bd\u03b9\u03ba\u03cc \u03b4\u03b9\u03ac\u03c3\u03c4\u03b7\u03bc\u03b1. \uc624\ub7ab\ub3d9\uc548 \uc804\ubb38 \uc0ac\uc9c4\uac00. Fotograf pwofesyon\u00e8l&#8230;<\/p>\n<p> <a class=\"continue-reading-link\" href=\"http:\/\/buxin.com\/index.php\/a-propos-de\/\"><span>Continue reading<\/span><i class=\"crycon-right-dir\"><\/i><\/a> <\/p>\n","protected":false},"author":1,"featured_media":0,"parent":0,"menu_order":0,"comment_status":"closed","ping_status":"closed","template":"","meta":{"spay_email":""},"yoast_head":"<!-- This site is optimized with the Yoast SEO plugin v16.8 - https:\/\/yoast.com\/wordpress\/plugins\/seo\/ -->\n<title>Fr\u00e9d\u00e9ric Buxin - Fr\u00e9d\u00e9ric Buxin<\/title>\n<meta name=\"robots\" content=\"index, follow, max-snippet:-1, max-image-preview:large, max-video-preview:-1\" \/>\n<link rel=\"canonical\" href=\"http:\/\/buxin.com\/index.php\/a-propos-de\/\" \/>\n<meta property=\"og:locale\" content=\"en_US\" \/>\n<meta property=\"og:type\" content=\"article\" \/>\n<meta property=\"og:title\" content=\"Fr\u00e9d\u00e9ric Buxin - Fr\u00e9d\u00e9ric Buxin\" \/>\n<meta property=\"og:description\" content=\"Photographe professionnel depuis longtemps. Professional photographer for a long time. Fot\u00f3grafo profesional desde hace mucho tiempo. Professioneller Fotograf seit langem. Fot\u00f3grafo profissional h\u00e1 muito tempo. \u957f\u671f\u4ece\u4e8b\u4e13\u4e1a\u6444\u5f71\u5e08\u3002 \u0645\u0635\u0648\u0631 \u0645\u062d\u062a\u0631\u0641 \u0644\u0641\u062a\u0631\u0629 \u0637\u0648\u064a\u0644\u0629. \u9577\u3044\u9593\u30d7\u30ed\u306e\u5199\u771f\u5bb6\u3002 \u041f\u0440\u043e\u0444\u0435\u0441\u0441\u0438\u043e\u043d\u0430\u043b\u044c\u043d\u044b\u0439 \u0444\u043e\u0442\u043e\u0433\u0440\u0430\u0444 \u0434\u0430\u0432\u043d\u043e. \u0932\u0902\u092c\u0947 \u0938\u092e\u092f \u0938\u0947 \u092a\u0947\u0936\u0947\u0935\u0930 \u092b\u094b\u091f\u094b\u0917\u094d\u0930\u093e\u092b\u0930\u0964 \u0395\u03c0\u03b1\u03b3\u03b3\u03b5\u03bb\u03bc\u03b1\u03c4\u03af\u03b1\u03c2 \u03c6\u03c9\u03c4\u03bf\u03b3\u03c1\u03ac\u03c6\u03bf\u03c2 \u03b3\u03b9\u03b1 \u03bc\u03b5\u03b3\u03ac\u03bb\u03bf \u03c7\u03c1\u03bf\u03bd\u03b9\u03ba\u03cc \u03b4\u03b9\u03ac\u03c3\u03c4\u03b7\u03bc\u03b1. \uc624\ub7ab\ub3d9\uc548 \uc804\ubb38 \uc0ac\uc9c4\uac00. Fotograf pwofesyon\u00e8l... Continue reading\" \/>\n<meta property=\"og:url\" content=\"http:\/\/buxin.com\/index.php\/a-propos-de\/\" \/>\n<meta property=\"og:site_name\" content=\"Fr\u00e9d\u00e9ric Buxin\" \/>\n<meta property=\"article:modified_time\" content=\"2021-07-30T15:42:46+00:00\" \/>\n<meta property=\"og:image\" content=\"http:\/\/buxin.com\/wp-content\/uploads\/2021\/07\/Fre\u0301de\u0301ric-BUXIN_0085.jpg\" \/>\n<meta name=\"twitter:card\" content=\"summary_large_image\" \/>\n<script type=\"application\/ld+json\" class=\"yoast-schema-graph\">{\"@context\":\"https:\/\/schema.org\",\"@graph\":[{\"@type\":\"WebSite\",\"@id\":\"http:\/\/buxin.com\/#website\",\"url\":\"http:\/\/buxin.com\/\",\"name\":\"Fr\\u00e9d\\u00e9ric Buxin\",\"description\":\"\",\"potentialAction\":[{\"@type\":\"SearchAction\",\"target\":{\"@type\":\"EntryPoint\",\"urlTemplate\":\"http:\/\/buxin.com\/?s={search_term_string}\"},\"query-input\":\"required name=search_term_string\"}],\"inLanguage\":\"en-US\"},{\"@type\":\"ImageObject\",\"@id\":\"http:\/\/buxin.com\/index.php\/a-propos-de\/#primaryimage\",\"inLanguage\":\"en-US\",\"url\":\"http:\/\/buxin.com\/wp-content\/uploads\/2021\/07\/Fre\\u0301de\\u0301ric-BUXIN_0085.jpg\",\"contentUrl\":\"http:\/\/buxin.com\/wp-content\/uploads\/2021\/07\/Fre\\u0301de\\u0301ric-BUXIN_0085.jpg\",\"width\":1000,\"height\":750},{\"@type\":\"WebPage\",\"@id\":\"http:\/\/buxin.com\/index.php\/a-propos-de\/#webpage\",\"url\":\"http:\/\/buxin.com\/index.php\/a-propos-de\/\",\"name\":\"Fr\\u00e9d\\u00e9ric Buxin - Fr\\u00e9d\\u00e9ric Buxin\",\"isPartOf\":{\"@id\":\"http:\/\/buxin.com\/#website\"},\"primaryImageOfPage\":{\"@id\":\"http:\/\/buxin.com\/index.php\/a-propos-de\/#primaryimage\"},\"datePublished\":\"2021-07-02T16:28:34+00:00\",\"dateModified\":\"2021-07-30T15:42:46+00:00\",\"breadcrumb\":{\"@id\":\"http:\/\/buxin.com\/index.php\/a-propos-de\/#breadcrumb\"},\"inLanguage\":\"en-US\",\"potentialAction\":[{\"@type\":\"ReadAction\",\"target\":[\"http:\/\/buxin.com\/index.php\/a-propos-de\/\"]}]},{\"@type\":\"BreadcrumbList\",\"@id\":\"http:\/\/buxin.com\/index.php\/a-propos-de\/#breadcrumb\",\"itemListElement\":[{\"@type\":\"ListItem\",\"position\":1,\"name\":\"Accueil\",\"item\":\"http:\/\/buxin.com\/\"},{\"@type\":\"ListItem\",\"position\":2,\"name\":\"Fr\\u00e9d\\u00e9ric Buxin\"}]}]}<\/script>\n<!-- \/ Yoast SEO plugin. -->","yoast_head_json":{"title":"Fr\u00e9d\u00e9ric Buxin - Fr\u00e9d\u00e9ric Buxin","robots":{"index":"index","follow":"follow","max-snippet":"max-snippet:-1","max-image-preview":"max-image-preview:large","max-video-preview":"max-video-preview:-1"},"canonical":"http:\/\/buxin.com\/index.php\/a-propos-de\/","og_locale":"en_US","og_type":"article","og_title":"Fr\u00e9d\u00e9ric Buxin - Fr\u00e9d\u00e9ric Buxin","og_description":"Photographe professionnel depuis longtemps. Professional photographer for a long time. Fot\u00f3grafo profesional desde hace mucho tiempo. Professioneller Fotograf seit langem. Fot\u00f3grafo profissional h\u00e1 muito tempo. \u957f\u671f\u4ece\u4e8b\u4e13\u4e1a\u6444\u5f71\u5e08\u3002 \u0645\u0635\u0648\u0631 \u0645\u062d\u062a\u0631\u0641 \u0644\u0641\u062a\u0631\u0629 \u0637\u0648\u064a\u0644\u0629. \u9577\u3044\u9593\u30d7\u30ed\u306e\u5199\u771f\u5bb6\u3002 \u041f\u0440\u043e\u0444\u0435\u0441\u0441\u0438\u043e\u043d\u0430\u043b\u044c\u043d\u044b\u0439 \u0444\u043e\u0442\u043e\u0433\u0440\u0430\u0444 \u0434\u0430\u0432\u043d\u043e. \u0932\u0902\u092c\u0947 \u0938\u092e\u092f \u0938\u0947 \u092a\u0947\u0936\u0947\u0935\u0930 \u092b\u094b\u091f\u094b\u0917\u094d\u0930\u093e\u092b\u0930\u0964 \u0395\u03c0\u03b1\u03b3\u03b3\u03b5\u03bb\u03bc\u03b1\u03c4\u03af\u03b1\u03c2 \u03c6\u03c9\u03c4\u03bf\u03b3\u03c1\u03ac\u03c6\u03bf\u03c2 \u03b3\u03b9\u03b1 \u03bc\u03b5\u03b3\u03ac\u03bb\u03bf \u03c7\u03c1\u03bf\u03bd\u03b9\u03ba\u03cc \u03b4\u03b9\u03ac\u03c3\u03c4\u03b7\u03bc\u03b1. \uc624\ub7ab\ub3d9\uc548 \uc804\ubb38 \uc0ac\uc9c4\uac00. Fotograf pwofesyon\u00e8l... Continue reading","og_url":"http:\/\/buxin.com\/index.php\/a-propos-de\/","og_site_name":"Fr\u00e9d\u00e9ric Buxin","article_modified_time":"2021-07-30T15:42:46+00:00","og_image":[{"url":"http:\/\/buxin.com\/wp-content\/uploads\/2021\/07\/Fre\u0301de\u0301ric-BUXIN_0085.jpg"}],"twitter_card":"summary_large_image","schema":{"@context":"https:\/\/schema.org","@graph":[{"@type":"WebSite","@id":"http:\/\/buxin.com\/#website","url":"http:\/\/buxin.com\/","name":"Fr\u00e9d\u00e9ric Buxin","description":"","potentialAction":[{"@type":"SearchAction","target":{"@type":"EntryPoint","urlTemplate":"http:\/\/buxin.com\/?s={search_term_string}"},"query-input":"required name=search_term_string"}],"inLanguage":"en-US"},{"@type":"ImageObject","@id":"http:\/\/buxin.com\/index.php\/a-propos-de\/#primaryimage","inLanguage":"en-US","url":"http:\/\/buxin.com\/wp-content\/uploads\/2021\/07\/Fre\u0301de\u0301ric-BUXIN_0085.jpg","contentUrl":"http:\/\/buxin.com\/wp-content\/uploads\/2021\/07\/Fre\u0301de\u0301ric-BUXIN_0085.jpg","width":1000,"height":750},{"@type":"WebPage","@id":"http:\/\/buxin.com\/index.php\/a-propos-de\/#webpage","url":"http:\/\/buxin.com\/index.php\/a-propos-de\/","name":"Fr\u00e9d\u00e9ric Buxin - Fr\u00e9d\u00e9ric Buxin","isPartOf":{"@id":"http:\/\/buxin.com\/#website"},"primaryImageOfPage":{"@id":"http:\/\/buxin.com\/index.php\/a-propos-de\/#primaryimage"},"datePublished":"2021-07-02T16:28:34+00:00","dateModified":"2021-07-30T15:42:46+00:00","breadcrumb":{"@id":"http:\/\/buxin.com\/index.php\/a-propos-de\/#breadcrumb"},"inLanguage":"en-US","potentialAction":[{"@type":"ReadAction","target":["http:\/\/buxin.com\/index.php\/a-propos-de\/"]}]},{"@type":"BreadcrumbList","@id":"http:\/\/buxin.com\/index.php\/a-propos-de\/#breadcrumb","itemListElement":[{"@type":"ListItem","position":1,"name":"Accueil","item":"http:\/\/buxin.com\/"},{"@type":"ListItem","position":2,"name":"Fr\u00e9d\u00e9ric Buxin"}]}]}},"_links":{"self":[{"href":"http:\/\/buxin.com\/index.php\/wp-json\/wp\/v2\/pages\/7"}],"collection":[{"href":"http:\/\/buxin.com\/index.php\/wp-json\/wp\/v2\/pages"}],"about":[{"href":"http:\/\/buxin.com\/index.php\/wp-json\/wp\/v2\/types\/page"}],"author":[{"embeddable":true,"href":"http:\/\/buxin.com\/index.php\/wp-json\/wp\/v2\/users\/1"}],"replies":[{"embeddable":true,"href":"http:\/\/buxin.com\/index.php\/wp-json\/wp\/v2\/comments?post=7"}],"version-history":[{"count":16,"href":"http:\/\/buxin.com\/index.php\/wp-json\/wp\/v2\/pages\/7\/revisions"}],"predecessor-version":[{"id":920,"href":"http:\/\/buxin.com\/index.php\/wp-json\/wp\/v2\/pages\/7\/revisions\/920"}],"wp:attachment":[{"href":"http:\/\/buxin.com\/index.php\/wp-json\/wp\/v2\/media?parent=7"}],"curies":[{"name":"wp","href":"https:\/\/api.w.org\/{rel}","templated":true}]}}